{"id":510,"date":"2026-02-04T15:11:40","date_gmt":"2026-02-04T15:11:40","guid":{"rendered":"https:\/\/kvadar.ifzg.hr\/?page_id=510"},"modified":"2026-03-10T17:45:40","modified_gmt":"2026-03-10T17:45:40","slug":"aktivnosti","status":"publish","type":"page","link":"https:\/\/kvadar.ifzg.hr\/index.php\/aktivnosti\/","title":{"rendered":"Aktivnosti"},"content":{"rendered":"\n<p><\/p>\n\n\n\n<p>Pavel Gregori\u0107, &#8220;Bodily Frame for Thinking: Aristotle,\u00a0<em>Parts of Animals<\/em>\u00a0IV.10&#8243;, invited talk, Department of Philosophy and Cultural Studies, University Ca\u2019 Foscari, Venice, 2 March 2026. [<a href=\"http:\/\/www.pavel-gregoric.info\/wp-admin\/uploads\/2026\/03\/SPIN-2024_WHERE_2026.pdf\" data-type=\"link\" data-id=\"http:\/\/www.pavel-gregoric.info\/wp-admin\/uploads\/2026\/03\/SPIN-2024_WHERE_2026.pdf\" target=\"_blank\" rel=\"noreferrer noopener\">programme<\/a>]\u00a0<\/p>\n\n\n\n<p><\/p>\n\n\n\n<p>Pavel Gregori\u0107, &#8220;Nikola Vitov Gu\u010deti\u0107 on the Immortality of the Sou<strong>l<\/strong>&#8220;, Godi\u0161nja konferencija Instituta za filozofiju: Hrvatska filozofija Zagreb, 4-5 December 2025. [<a href=\"https:\/\/www.croris.hr\/crosbi\/publikacija\/prilog-skup\/917123\" data-type=\"link\" data-id=\"https:\/\/www.croris.hr\/crosbi\/publikacija\/prilog-skup\/917123\">summary<\/a>]<\/p>\n\n\n\n<p><\/p>\n\n\n\n<p>Pavel Gregori\u0107, &#8220;De Insomniis 3&#8221;, conference <em style=\"white-space: normal;\">Aristotle&#8217;s De Insomniis<\/em>, Department of Philosophy and Cultural Studies, University of Venice, 27-30 September 2025. [<a href=\"http:\/\/www.pavel-gregoric.info\/wp-admin\/uploads\/2026\/02\/Perception-Phantasia-27-30.10.2025.pdf\" data-type=\"link\" data-id=\"http:\/\/www.pavel-gregoric.info\/wp-admin\/uploads\/2026\/02\/Perception-Phantasia-27-30.10.2025.pdf\" target=\"_blank\" rel=\"noreferrer noopener\">programme<\/a>]<\/p>\n\n\n\n<p><\/p>\n\n\n\n<p>Boris Ko\u017enjak, &#8220;Contributions of the Benedictine Order to the Development of Experimental Natural Science&#8221;, <em>The First CePOZiR Conference \u2013 2025: The Relationship between Science and Religion<\/em>, Faculty of Philosophy and Religious Studies of the University of Zagreb, 24-26 September 2025.<\/p>\n\n\n\n<p><\/p>\n\n\n\n<p>Boris Ko\u017enjak, &#8220;Metaphysical Foundations of Quantum Mechanics: An Aristotelian Perspective&#8221;, invited talk, Institute for Quantum Optics and Quantum Information (IQOQI) Vienna &amp; Austrian Academy of Science (\u00d6sterreichische Akademie der Wissenschaften; \u00d6AW), 5 June 2025.<\/p>\n\n\n\n<p><\/p>\n\n\n\n<p>Pavel Gregori\u0107, \u201cHistoriography of Renaissance Philosophy in Croatia: Trends and Challenges\u201d, conference <em>Historiographies Lost and Reclaimed: Scholarship on the Italian Renaissance in Central and Eastern Europe<\/em>, University of Venice, 10-11 February 2025 [<a href=\"http:\/\/www.pavel-gregoric.info\/wp-admin\/uploads\/2026\/01\/WS-Venice-10-11-Feb-2025.pdf\" target=\"_blank\" rel=\"noreferrer noopener\">programme<\/a>]<\/p>\n\n\n\n<p><\/p>\n\n\n\n<p>Luka Bor\u0161i\u0107, \u201c<em>Histor(iograph)y from the Renaissance perspective. Patrizi on History<\/em>\u201d, conference <em>Historiographies Lost and Reclaimed: Scholarship on the Italian Renaissance in Central and Eastern Europe<\/em>, University of Venice, 10-11 February 2025 [<a href=\"http:\/\/www.pavel-gregoric.info\/wp-admin\/uploads\/2026\/01\/WS-Venice-10-11-Feb-2025.pdf\" target=\"_blank\" rel=\"noreferrer noopener\">programme<\/a>]<\/p>\n\n\n\n<p><\/p>\n\n\n\n<p>Pavel Gregori\u0107, \u201cThe Structure of the Nutritive Soul\u201d, invited talk, Department of Philosophy, S\u00f6dert\u00f6rn University, Stockholm, 22 November 2024. <\/p>\n\n\n\n<p><\/p>\n\n\n\n<p>Pavel Gregori\u0107, \u201cThe CIOM Model of Animal Motion Explained\u201d, invited talk, Department of Philosophy and Cultural Studies, University of Venice, 22 October 2024,  [<a href=\"http:\/\/www.pavel-gregoric.info\/wp-admin\/uploads\/2024\/10\/kanon_22.10.2024_PNRR.pdf\" target=\"_blank\" rel=\"noreferrer noopener\">poster<\/a>]<\/p>\n\n\n\n<p><\/p>\n\n\n\n<p><strong>Galen,&nbsp;<\/strong><em><strong>Quod animi mores<\/strong><\/em>, 19-20 September 2024, conference organized and funded by project KvaDAr, Institute of Philosophy, Zagreb, Croatia (Paper by Gregori\u0107: \u201cGalen,&nbsp;<em>QAM&nbsp;<\/em>Chapters 1-2\u2033) [<a href=\"http:\/\/www.pavel-gregoric.info\/wp-admin\/uploads\/2024\/10\/Conference-Programme-Galen-2024-B.pdf\" target=\"_blank\" rel=\"noreferrer noopener\">programme<\/a>]&nbsp;<\/p>\n\n\n\n<p><\/p>\n\n\n\n<p>Pavel Gregori\u0107, \u201cPhysics of&nbsp;<em>De mundo<\/em>\u201c, conference <em>Peripatetic Physics after Theophrastus<\/em>, Department of Philosophy, University Jean Moulin 3, Lyon, 6-8 June 2024 [<a href=\"http:\/\/www.pavel-gregoric.info\/wp-admin\/uploads\/2024\/06\/Poster_Peripatetic-Physics-after-Theophrastus.pdf\" target=\"_blank\" rel=\"noreferrer noopener\">programme<\/a>]<\/p>\n\n\n\n<p><\/p>\n\n\n\n<p>Gorana Stepani\u0107, &#8220;Lice i nali\u010dje retorike u djelu Nikole Vitova Gu\u010deti\u0107a (1549.\u20131610.)&#8221;, invited talk, Znanstvena knji\u017enica -Dubrovnik, 18 April 2024  [<a href=\"https:\/\/www.croris.hr\/crosbi\/publikacija\/rad-ostalo\/827615\" data-type=\"link\" data-id=\"https:\/\/www.croris.hr\/crosbi\/publikacija\/rad-ostalo\/827615\">summary<\/a>]<\/p>\n\n\n\n<p><\/p>\n\n\n\n<p>Pavel Gregori\u0107, \u201cTwo Types of Criticism in the&nbsp;<em>De Mundo<\/em>&#8220;, conference <em>Perspectives on the Pseudo-Aristotelian treatise&nbsp;De mundo,<\/em>&nbsp;Department of Philosophy, Faculty of Letters, University of Lisbon, Portugal [<a href=\"http:\/\/www.pavel-gregoric.info\/wp-admin\/uploads\/2024\/02\/Programa-final.pdf\" target=\"_blank\" rel=\"noreferrer noopener\">programme<\/a>]<\/p>\n","protected":false},"excerpt":{"rendered":"<p>Pavel Gregori\u0107, &#8220;Bodily Frame for Thinking: Aristotle,\u00a0Parts of Animals\u00a0IV.10&#8243;, invited talk, Department of Philosophy and Cultural Studies, University Ca\u2019 Foscari,&hellip;<\/p>\n","protected":false},"author":1,"featured_media":0,"parent":0,"menu_order":0,"comment_status":"closed","ping_status":"closed","template":"","meta":{"_regular_price":[],"currency_symbol":[],"_themeisle_gutenberg_block_has_review":false,"footnotes":""},"class_list":["post-510","page","type-page","status-publish","hentry"],"post_slider_layout_featured_media_urls":{"thumbnail":"","post_slider_layout_landscape_large":"","post_slider_layout_portrait_large":"","post_slider_layout_square_large":"","post_slider_layout_landscape":"","post_slider_layout_portrait":"","post_slider_layout_square":"","full":""},"_links":{"self":[{"href":"https:\/\/kvadar.ifzg.hr\/index.php\/wp-json\/wp\/v2\/pages\/510","targetHints":{"allow":["GET"]}}],"collection":[{"href":"https:\/\/kvadar.ifzg.hr\/index.php\/wp-json\/wp\/v2\/pages"}],"about":[{"href":"https:\/\/kvadar.ifzg.hr\/index.php\/wp-json\/wp\/v2\/types\/page"}],"author":[{"embeddable":true,"href":"https:\/\/kvadar.ifzg.hr\/index.php\/wp-json\/wp\/v2\/users\/1"}],"replies":[{"embeddable":true,"href":"https:\/\/kvadar.ifzg.hr\/index.php\/wp-json\/wp\/v2\/comments?post=510"}],"version-history":[{"count":6,"href":"https:\/\/kvadar.ifzg.hr\/index.php\/wp-json\/wp\/v2\/pages\/510\/revisions"}],"predecessor-version":[{"id":533,"href":"https:\/\/kvadar.ifzg.hr\/index.php\/wp-json\/wp\/v2\/pages\/510\/revisions\/533"}],"wp:attachment":[{"href":"https:\/\/kvadar.ifzg.hr\/index.php\/wp-json\/wp\/v2\/media?parent=510"}],"curies":[{"name":"wp","href":"https:\/\/api.w.org\/{rel}","templated":true}]}}